{"id":13397,"date":"2021-04-07T07:27:08","date_gmt":"2021-04-07T07:27:08","guid":{"rendered":"https:\/\/preview.tutorlms.com\/elementor-university\/?page_id=13397"},"modified":"2021-04-07T07:27:08","modified_gmt":"2021-04-07T07:27:08","slug":"contact","status":"publish","type":"page","link":"https:\/\/academy.jnpalabras.com\/es\/contact\/","title":{"rendered":"P\u00f3ngase en contacto con"},"content":{"rendered":"<div data-elementor-type=\"wp-page\" data-elementor-id=\"13397\" class=\"elementor elementor-13397\">\n\t\t\t\t\t\t<section class=\"elementor-section elementor-top-section elementor-element elementor-element-7191ee9 elementor-section-boxed elementor-section-height-default elementor-section-height-default\" data-id=\"7191ee9\" data-element_type=\"section\" data-settings=\"{&quot;background_background&quot;:&quot;classic&quot;}\">\n\t\t\t\t\t\t\t<div class=\"elementor-background-overlay\"><\/div>\n\t\t\t\t\t\t\t<div class=\"elementor-container elementor-column-gap-default\">\n\t\t\t\t\t<div class=\"elementor-column elementor-col-100 elementor-top-column elementor-element elementor-element-48e420b\" data-id=\"48e420b\" data-element_type=\"column\">\n\t\t\t<div class=\"elementor-widget-wrap elementor-element-populated\">\n\t\t\t\t\t\t<div class=\"elementor-element elementor-element-766bf09 elementor-widget elementor-widget-heading\" data-id=\"766bf09\" data-element_type=\"widget\" data-widget_type=\"heading.default\">\n\t\t\t\t<div class=\"elementor-widget-container\">\n\t\t\t\t\t<h2 class=\"elementor-heading-title elementor-size-default\">P\u00f3ngase en contacto con<\/h2>\t\t\t\t<\/div>\n\t\t\t\t<\/div>\n\t\t\t\t<div class=\"elementor-element elementor-element-c7abfbf elementor-widget elementor-widget-heading\" data-id=\"c7abfbf\" data-element_type=\"widget\" data-widget_type=\"heading.default\">\n\t\t\t\t<div class=\"elementor-widget-container\">\n\t\t\t\t\t<h2 class=\"elementor-heading-title elementor-size-default\">Inicio &gt; Contacto<\/h2>\t\t\t\t<\/div>\n\t\t\t\t<\/div>\n\t\t\t\t\t<\/div>\n\t\t<\/div>\n\t\t\t\t\t<\/div>\n\t\t<\/section>\n\t\t\t\t<section class=\"elementor-section elementor-top-section elementor-element elementor-element-0d6493a elementor-section-content-middle elementor-section-boxed elementor-section-height-default elementor-section-height-default\" data-id=\"0d6493a\" data-element_type=\"section\">\n\t\t\t\t\t\t<div class=\"elementor-container elementor-column-gap-wider\">\n\t\t\t\t\t<div class=\"elementor-column elementor-col-50 elementor-top-column elementor-element elementor-element-239934a\" data-id=\"239934a\" data-element_type=\"column\">\n\t\t\t<div class=\"elementor-widget-wrap elementor-element-populated\">\n\t\t\t\t\t\t<div class=\"elementor-element elementor-element-321c8a3 elementor-widget elementor-widget-heading\" data-id=\"321c8a3\" data-element_type=\"widget\" data-widget_type=\"heading.default\">\n\t\t\t\t<div class=\"elementor-widget-container\">\n\t\t\t\t\t<h2 class=\"elementor-heading-title elementor-size-default\">Estamos siempre abiertos<br>24\/7 para ti.<\/h2>\t\t\t\t<\/div>\n\t\t\t\t<\/div>\n\t\t\t\t<div class=\"elementor-element elementor-element-ded9799 elementor-widget elementor-widget-html\" data-id=\"ded9799\" data-element_type=\"widget\" data-widget_type=\"html.default\">\n\t\t\t\t<div class=\"elementor-widget-container\">\n\t\t\t\t\t<!DOCTYPE html>\n<html>\n    <style>\n    form {\n       padding: 10px;\n    }\n    \n    label {\n        color: #0A083B;\n        font-family: Inter;\n        font-size: 16px;\n        line-height: 24px;\n        font-weight: 600;\n    }\n    input {\n        padding: 20px 25px;\n        margin: 10px 0 0px;\n        border: 2px solid #E8E7ED;\n        border-radius: 6px;\n    }\n    input:focus, textarea:focus {\n        outline: 0;\n    }\n    input[type=\"text\"],input[type=\"email\"] {\n         width: 100%;\n        font-family: Inter;\n        font-weight: 400;\n        font-size: 16px;\n        line-height: 19px;\n        color: rgba(10, 8, 59, 0.50);\n    }\n    textarea {\n        width: 100%;\n        height: 135px;\n        padding: 20px 25px;\n        margin: 10px 0 0px;\n        border: 2px solid #E8E7ED;\n        border-radius: 6px;\n        font-family: Inter;\n        font-weight: 400;\n        font-size: 16px;\n        line-height: 19px;\n    }\n    .form-button {\n        font-family: Inter;\n        font-weight: 600;\n        font-size: 16px;\n        line-height: 19px;\n        padding: 16px 34px;\n        color: #fff;\n        background-color: #1950D1;\n        border-radius: 33px;\n        cursor: pointer;\n        float: right;\n        margin-top: 40px;\n    }\n    .form-button:hover {\n        background-color: #175CFF;\n        transition: .6s;\n    }\n    @media (max-width:768px) {\n        input {\n        padding: 15px 15px;\n    }\n    input[type=\"text\"],input[type=\"email\"] {\n        font-size: 14px;\n        line-height: 19px;\n    }\n     textarea {\n        font-size: 14px;\n         padding: 15px 15px;\n         height: 100px;\n    }\n    }\n    \n    <\/style>\n    <body>\n        <form action=\"\/es\/action_page.php\/\" data-trp-original-action=\"\/action_page.php\">\n            \n            <label for=\"fname\">Nombre <\/label><br>\n            <input type=\"text\" name=\"fname\" id=\"fname\" value=\"\" placeholder=\"Juan Nadie\">\n            <br><br>\n            \n            <label for=\"email\">correo electr\u00f3nico <\/label><br>\n            <input type=\"email\" name=\"email\" id=\"email\" value=\"\" placeholder=\"name@example.com\"> <br> <br>\n            \n            <label for=\"fname\">Asunto <\/label><br>\n            <input type=\"text\" name=\"fname\" id=\"fname\" value=\"\" placeholder=\"Asunto\">\n            <br><br>\n            \n            <label for=\"text\"> Descripci\u00f3n <\/label><br>\n            <textarea placeholder=\"Escriba su mensaje\" rows=\"7\"><\/textarea>\n            \n            \n            <a href=\"#\" class=\"form-button\">Enviar mensaje<\/a>\n            \n        <input type=\"hidden\" name=\"trp-form-language\" value=\"es\"\/><\/form>\n    <\/body>\n<\/html>\t\t\t\t<\/div>\n\t\t\t\t<\/div>\n\t\t\t\t\t<\/div>\n\t\t<\/div>\n\t\t\t\t<div class=\"elementor-column elementor-col-50 elementor-top-column elementor-element elementor-element-080ea3c\" data-id=\"080ea3c\" data-element_type=\"column\">\n\t\t\t<div class=\"elementor-widget-wrap elementor-element-populated\">\n\t\t\t\t\t\t<div class=\"elementor-element elementor-element-5389430 elementor-widget elementor-widget-heading\" data-id=\"5389430\" data-element_type=\"widget\" data-widget_type=\"heading.default\">\n\t\t\t\t<div class=\"elementor-widget-container\">\n\t\t\t\t\t<h2 class=\"elementor-heading-title elementor-size-default\">Ll\u00e1manos<\/h2>\t\t\t\t<\/div>\n\t\t\t\t<\/div>\n\t\t\t\t<div class=\"elementor-element elementor-element-633df47 elementor-widget elementor-widget-text-editor\" data-id=\"633df47\" data-element_type=\"widget\" data-widget_type=\"text-editor.default\">\n\t\t\t\t<div class=\"elementor-widget-container\">\n\t\t\t\t\t\t\t\t\t<p>+1-492-4918-395<\/p>\t\t\t\t\t\t\t\t<\/div>\n\t\t\t\t<\/div>\n\t\t\t\t<div class=\"elementor-element elementor-element-69ac94b elementor-widget elementor-widget-text-editor\" data-id=\"69ac94b\" data-element_type=\"widget\" data-widget_type=\"text-editor.default\">\n\t\t\t\t<div class=\"elementor-widget-container\">\n\t\t\t\t\t\t\t\t\t<p><span style=\"letter-spacing: -0.66px; background-color: var(--body-bg-color); text-transform: var(--body-text-transform);\">+14-394-409-591<\/span><\/p>\t\t\t\t\t\t\t\t<\/div>\n\t\t\t\t<\/div>\n\t\t\t\t<div class=\"elementor-element elementor-element-cddc918 elementor-widget elementor-widget-heading\" data-id=\"cddc918\" data-element_type=\"widget\" data-widget_type=\"heading.default\">\n\t\t\t\t<div class=\"elementor-widget-container\">\n\t\t\t\t\t<h2 class=\"elementor-heading-title elementor-size-default\">Env\u00edenos un correo electr\u00f3nico<\/h2>\t\t\t\t<\/div>\n\t\t\t\t<\/div>\n\t\t\t\t<div class=\"elementor-element elementor-element-13b5c76 elementor-widget elementor-widget-text-editor\" data-id=\"13b5c76\" data-element_type=\"widget\" data-widget_type=\"text-editor.default\">\n\t\t\t\t<div class=\"elementor-widget-container\">\n\t\t\t\t\t\t\t\t\t<p>info@mail.com<\/p>\t\t\t\t\t\t\t\t<\/div>\n\t\t\t\t<\/div>\n\t\t\t\t<div class=\"elementor-element elementor-element-4fb6112 elementor-widget elementor-widget-text-editor\" data-id=\"4fb6112\" data-element_type=\"widget\" data-widget_type=\"text-editor.default\">\n\t\t\t\t<div class=\"elementor-widget-container\">\n\t\t\t\t\t\t\t\t\t<p><span style=\"letter-spacing: -0.66px;\">support@mail.com<\/span><\/p>\t\t\t\t\t\t\t\t<\/div>\n\t\t\t\t<\/div>\n\t\t\t\t<div class=\"elementor-element elementor-element-f0e0955 elementor-widget elementor-widget-heading\" data-id=\"f0e0955\" data-element_type=\"widget\" data-widget_type=\"heading.default\">\n\t\t\t\t<div class=\"elementor-widget-container\">\n\t\t\t\t\t<h2 class=\"elementor-heading-title elementor-size-default\">Vis\u00edtenos<\/h2>\t\t\t\t<\/div>\n\t\t\t\t<\/div>\n\t\t\t\t<div class=\"elementor-element elementor-element-4369b7f elementor-widget elementor-widget-text-editor\" data-id=\"4369b7f\" data-element_type=\"widget\" data-widget_type=\"text-editor.default\">\n\t\t\t\t<div class=\"elementor-widget-container\">\n\t\t\t\t\t\t\t\t\t<p>34 Madison Street,<\/p><p>NY, EE.UU. 10005<\/p>\t\t\t\t\t\t\t\t<\/div>\n\t\t\t\t<\/div>\n\t\t\t\t\t<\/div>\n\t\t<\/div>\n\t\t\t\t\t<\/div>\n\t\t<\/section>\n\t\t\t\t<\/div>","protected":false},"excerpt":{"rendered":"<p>Contacto Inicio &gt; Contacto Estamos a su disposici\u00f3n 24 horas al d\u00eda, 7 d\u00edas a la semana. Nombre Email Asunto Descripci\u00f3n Enviar Mensaje Ll\u00e1menos +1-492-4918-395 +14-394-409-591<\/p>","protected":false},"author":1,"featured_media":0,"parent":0,"menu_order":0,"comment_status":"closed","ping_status":"closed","template":"elementor_header_footer","meta":{"qubely_global_settings":"","qubely_interactions":"","_tutorstarter_page_metadata":{"sidebar_select":"","footer_select":"","page_title_toggle":false,"header_toggle":false,"header_trans_toggle":true,"footer_toggle":false},"footnotes":""},"class_list":["post-13397","page","type-page","status-publish","hentry"],"jetpack_sharing_enabled":true,"_links":{"self":[{"href":"https:\/\/academy.jnpalabras.com\/es\/wp-json\/wp\/v2\/pages\/13397","targetHints":{"allow":["GET"]}}],"collection":[{"href":"https:\/\/academy.jnpalabras.com\/es\/wp-json\/wp\/v2\/pages"}],"about":[{"href":"https:\/\/academy.jnpalabras.com\/es\/wp-json\/wp\/v2\/types\/page"}],"author":[{"embeddable":true,"href":"https:\/\/academy.jnpalabras.com\/es\/wp-json\/wp\/v2\/users\/1"}],"replies":[{"embeddable":true,"href":"https:\/\/academy.jnpalabras.com\/es\/wp-json\/wp\/v2\/comments?post=13397"}],"version-history":[{"count":0,"href":"https:\/\/academy.jnpalabras.com\/es\/wp-json\/wp\/v2\/pages\/13397\/revisions"}],"wp:attachment":[{"href":"https:\/\/academy.jnpalabras.com\/es\/wp-json\/wp\/v2\/media?parent=13397"}],"curies":[{"name":"wp","href":"https:\/\/api.w.org\/{rel}","templated":true}]}}